{"id":2433,"date":"2023-02-27T11:57:14","date_gmt":"2023-02-27T10:57:14","guid":{"rendered":"https:\/\/sferaone.es\/aviso-legal\/"},"modified":"2023-02-27T11:57:14","modified_gmt":"2023-02-27T10:57:14","slug":"aviso-legal","status":"publish","type":"page","link":"https:\/\/sferaone.es\/en\/aviso-legal\/","title":{"rendered":"Aviso legal"},"content":{"rendered":"\t\t<div data-elementor-type=\"wp-page\" data-elementor-id=\"2433\" class=\"elementor elementor-2433 elementor-1701\">\n\t\t\t\t\t\t<section class=\"elementor-section elementor-top-section elementor-element elementor-element-5289103 elementor-section-height-min-height elementor-section-boxed elementor-section-height-default elementor-section-items-middle\" data-id=\"5289103\" data-element_type=\"section\" data-e-type=\"section\" data-settings=\"{&quot;background_background&quot;:&quot;classic&quot;}\">\n\t\t\t\t\t\t<div class=\"elementor-container elementor-column-gap-default\">\n\t\t\t\t\t<div class=\"elementor-column elementor-col-100 elementor-top-column elementor-element elementor-element-f7725f4\" data-id=\"f7725f4\" data-element_type=\"column\" data-e-type=\"column\">\n\t\t\t<div class=\"elementor-widget-wrap elementor-element-populated\">\n\t\t\t\t\t\t<div class=\"elementor-element elementor-element-12e95ebb  ui-split-animate ui-splitby-chars elementor-widget elementor-widget-heading\" data-id=\"12e95ebb\" data-element_type=\"widget\" data-e-type=\"widget\" data-settings=\"{&quot;ui_animate_split&quot;:&quot;ui-split-animate&quot;,&quot;ui_animate_split_by&quot;:&quot;chars&quot;,&quot;ui_animate_split_style&quot;:&quot;fadeInUp&quot;}\" data-widget_type=\"heading.default\">\n\t\t\t\t<div class=\"elementor-widget-container\">\n\t\t\t\t\t<h2 class=\"elementor-heading-title elementor-size-default\">Av\u00edso legal<\/h2>\t\t\t\t<\/div>\n\t\t\t\t<\/div>\n\t\t\t\t\t<\/div>\n\t\t<\/div>\n\t\t\t\t\t<\/div>\n\t\t<\/section>\n\t\t\t\t<section class=\"elementor-section elementor-top-section elementor-element elementor-element-92c78c0 elementor-section-boxed elementor-section-height-default elementor-section-height-default\" data-id=\"92c78c0\" data-element_type=\"section\" data-e-type=\"section\">\n\t\t\t\t\t\t<div class=\"elementor-container elementor-column-gap-default\">\n\t\t\t\t\t<div class=\"elementor-column elementor-col-100 elementor-top-column elementor-element elementor-element-a3b90bd\" data-id=\"a3b90bd\" data-element_type=\"column\" data-e-type=\"column\">\n\t\t\t<div class=\"elementor-widget-wrap elementor-element-populated\">\n\t\t\t\t\t\t<div class=\"elementor-element elementor-element-1a80aaa elementor-widget elementor-widget-html\" data-id=\"1a80aaa\" data-element_type=\"widget\" data-e-type=\"widget\" data-widget_type=\"html.default\">\n\t\t\t\t<div class=\"elementor-widget-container\">\n\t\t\t\t\t<style>\n    p {\n    font-size: 18px!important;\n    color: black;\n    font-family: \"Open Sans\", sans-serif!important;\n    font-weight: 500;\n    line-height: 1.5em!important;\n}\na {\n    color: #49b172;\n}\n<\/style>\t\t\t\t<\/div>\n\t\t\t\t<\/div>\n\t\t\t\t<section class=\"elementor-section elementor-inner-section elementor-element elementor-element-eb0eca2 elementor-section-boxed elementor-section-height-default elementor-section-height-default\" data-id=\"eb0eca2\" data-element_type=\"section\" data-e-type=\"section\">\n\t\t\t\t\t\t<div class=\"elementor-container elementor-column-gap-default\">\n\t\t\t\t\t<div class=\"elementor-column elementor-col-100 elementor-inner-column elementor-element elementor-element-1672b66\" data-id=\"1672b66\" data-element_type=\"column\" data-e-type=\"column\">\n\t\t\t<div class=\"elementor-widget-wrap elementor-element-populated\">\n\t\t\t\t\t\t<div class=\"elementor-element elementor-element-0e666fa elementor-widget elementor-widget-text-editor\" data-id=\"0e666fa\" data-element_type=\"widget\" data-e-type=\"widget\" data-widget_type=\"text-editor.default\">\n\t\t\t\t<div class=\"elementor-widget-container\">\n\t\t\t\t\t\t\t\t\t<p>Con la finalidad de dar cumplimiento al art\u00edculo 10 de la Ley 34\/2002 de Servicios de la Sociedad de la Informaci\u00f3n y Comercio Electr\u00f3nico, informamos al usuario de nuestros datos:<\/p><table style=\"width: 100%; border-collapse: collapse; border: none;\"><tbody><tr><td style=\"width: 442.45pt; border: 1pt solid windowtext; background: #e6fff0; padding: 0cm 5.4pt; height: 25.35pt; vertical-align: top;\" colspan=\"3\"><p style=\"line-height: 115%; font-size: 15px; font-family: 'Calibri',sans-serif; text-align: center; margin: 0cm 0cm 10.0pt 0cm;\"><strong><span style=\"color: black;\">RESPONSABLE DEL TRATAMIENTO<\/span><\/strong><\/p><\/td><\/tr><tr><td style=\"width: 442.45pt; border: solid windowtext 1.0pt; border-top: none; padding: 0cm 5.4pt 0cm 5.4pt; height: 26.85pt;\" colspan=\"3\"><p style=\"line-height: 115%; font-size: 15px; font-family: 'Calibri',sans-serif; margin: 0cm 0cm 10.0pt 0cm;\"><strong>DENOMINACI\u00d3N SOCIAL:\u00a0<\/strong>SFERAONE SOLUTIONS &amp; SERVICES S.L.U<\/p><\/td><\/tr><tr><td style=\"width: 442.45pt; border: solid windowtext 1.0pt; border-top: none; padding: 0cm 5.4pt 0cm 5.4pt; height: 28.25pt;\" colspan=\"3\"><p style=\"line-height: 115%; font-size: 15px; font-family: 'Calibri',sans-serif; margin: 0cm 0cm 10.0pt 0cm;\"><strong>NIF:\u00a0<\/strong><span style=\"color: black; background: white;\">B-35908482<\/span><\/p><\/td><\/tr><tr><td style=\"width: 442.45pt; border: solid windowtext 1.0pt; border-top: none; padding: 0cm 5.4pt 0cm 5.4pt; height: 27.25pt;\" colspan=\"3\"><p style=\"line-height: 115%; font-size: 15px; font-family: 'Calibri',sans-serif; margin: 0cm 0cm 10.0pt 0cm;\"><strong>DOMICILIO SOCIAL: \u00a0<\/strong>Avenida de las Ciencias s\/n, Parque Tecnol\u00f3gico y Cient\u00edfico de Extremadura, 10004, C\u00e1ceres<\/p><\/td><\/tr><tr><td style=\"width: 164.1pt; border: solid windowtext 1.0pt; border-top: none; padding: 0cm 5.4pt 0cm 5.4pt; height: 24.8pt;\" rowspan=\"2\"><p style=\"line-height: 115%; font-size: 15px; font-family: 'Calibri',sans-serif; margin: 0cm 0cm 10.0pt 0cm;\"><strong>CONTACTO:<\/strong><\/p><p style=\"line-height: 115%; font-size: 15px; font-family: 'Calibri',sans-serif; margin: 0cm 0cm 10.0pt 0cm;\"><strong>\u00a0<\/strong><\/p><\/td><td style=\"width: 278.35pt; border-top: none; border-left: none; border-bottom: 1pt solid windowtext; border-right: 1pt solid windowtext; padding: 0cm 5.4pt; height: 24.8pt; vertical-align: top;\" colspan=\"2\"><p style=\"line-height: 115%; font-size: 15px; font-family: 'Calibri',sans-serif; margin: 0cm 0cm 10.0pt 0cm;\">Tel\u00e9fono:\u00a0<strong>927 224 693<\/strong><\/p><\/td><\/tr><tr><td style=\"width: 278.35pt; border-top: none; border-left: none; border-bottom: 1pt solid windowtext; border-right: 1pt solid windowtext; padding: 0cm 5.4pt; height: 17.45pt; vertical-align: top;\" colspan=\"2\"><p style=\"line-height: 115%; font-size: 15px; font-family: 'Calibri',sans-serif; margin: 0cm 0cm 10.0pt 0cm;\">Email:\u00a0<a href=\"mailto:privacidad@sferaone.es\">privacidad@sferaone.es<\/a><\/p><\/td><\/tr><tr><td style=\"width: 164.1pt; border: solid windowtext 1.0pt; border-top: none; padding: 0cm 5.4pt 0cm 5.4pt; height: 14.1pt;\" rowspan=\"2\"><p style=\"line-height: 115%; font-size: 15px; font-family: 'Calibri',sans-serif; margin: 0cm 0cm 10.0pt 0cm;\"><strong>DATOS DE INSCRIPCI\u00d3N EN EL REGISTRO MERCANTIL DE C\u00c1CERES:<\/strong><\/p><\/td><td style=\"width: 97.9pt; border-top: none; border-left: none; border-bottom: 1pt solid windowtext; border-right: 1pt solid windowtext; padding: 0cm 5.4pt; height: 14.1pt; vertical-align: top;\"><p style=\"line-height: 115%; font-size: 15px; font-family: 'Calibri',sans-serif; margin: 0cm 0cm 10.0pt 0cm;\">Tomo: 834<\/p><\/td><td style=\"width: 180.45pt; border-top: none; border-left: none; border-bottom: 1pt solid windowtext; border-right: 1pt solid windowtext; padding: 0cm 5.4pt; height: 14.1pt; vertical-align: top;\"><p style=\"line-height: 115%; font-size: 15px; font-family: 'Calibri',sans-serif; margin: 0cm 0cm 10.0pt 0cm;\">Folio: 124<\/p><\/td><\/tr><tr><td style=\"width: 97.9pt; border-top: none; border-left: none; border-bottom: 1pt solid windowtext; border-right: 1pt solid windowtext; padding: 0cm 5.4pt; height: 3.5pt; vertical-align: top;\"><p style=\"line-height: 115%; font-size: 15px; font-family: 'Calibri',sans-serif; margin: 0cm 0cm 10.0pt 0cm;\">\u00a0<\/p><\/td><td style=\"width: 180.45pt; border-top: none; border-left: none; border-bottom: 1pt solid windowtext; border-right: 1pt solid windowtext; padding: 0cm 5.4pt; height: 3.5pt; vertical-align: top;\"><p style=\"line-height: 115%; font-size: 15px; font-family: 'Calibri',sans-serif; margin: 0cm 0cm 10.0pt 0cm;\">Hoja: CC-11565<\/p><\/td><\/tr><\/tbody><\/table><p style=\"line-height: normal; font-size: 15px; font-family: 'Calibri',sans-serif; text-align: center; margin: 0cm 0cm 6.0pt 0cm;\"><u><span style=\"color: #f79646;\"><span style=\"text-decoration: none;\">\u00a0<\/span><\/span><\/u><\/p><p style=\"line-height: 107%; font-size: 15px; font-family: 'Calibri',sans-serif; text-align: justify; margin: 0cm 0cm 8.0pt 0cm;\">La plataforma web es propiedad de SFERAONE, quien se reserva la facultad de efectuar, en cualquier momento y sin previo aviso, modificaciones y actualizaciones de la informaci\u00f3n y del funcionamiento de la plataforma, o en la configuraci\u00f3n y presentaci\u00f3n de la misma. SFERAONE todos los derechos de autor sobre todos los contenidos de la plataforma, ya sean por derecho propio o por cesiones o acuerdos con terceros.<\/p><p style=\"line-height: 107%; font-size: 15px; font-family: 'Calibri',sans-serif; text-align: justify; margin: 0cm 0cm 8.0pt 0cm;\">Por el acceso a esta plataforma, incluidas todas sus funciones, se acepta que <strong>SFERAONE\u00a0<\/strong>no ser\u00e1 responsable de consecuencia alguna, da\u00f1o o perjuicio que se derive de dicho acceso o uso de la informaci\u00f3n de dicha plataforma o por el acceso a otras materias en Internet a trav\u00e9s de las conexiones con esta plataforma. Tampoco ser\u00e1 responsable y el usuario lo acepta de los errores o problemas inform\u00e1ticos causados por virus, gusanos, software malicioso u otros ataques de ingenier\u00eda social (<em>phising, pharming, troyanos, etc.<\/em>) que terceros puedan haber ubicado maliciosamente en los servidores, durante el margen de tiempo hasta que se logren poner en marcha las medidas de protecci\u00f3n reactiva de que dispone esta entidad. En caso de producirse tal ataque de la seguridad de la plataforma y se viera afectada la protecci\u00f3n de datos, el responsable deber\u00e1 avisar de dicho ataque en un plazo m\u00e1ximo de 72h a la autoridad, en este caso a la Agencia Espa\u00f1ola de Protecci\u00f3n de Datos, y al usuario sobre posibles ataques a la privacidad de sus datos.<\/p><p style=\"line-height: 107%; font-size: 15px; font-family: 'Calibri',sans-serif; text-align: justify; margin: 0cm 0cm 8.0pt 0cm;\">Si el usuario se percata de errores en el funcionamiento o de comportamientos extra\u00f1os de la plataforma, puede dirigir un correo a la direcci\u00f3n <a href=\"mailto:privacidad@sferaone.es\">privacidad@sferaone.es<\/a> . Se proh\u00edbe el acceso a los contenidos de esta plataforma por medio de sistemas mecanizados que sean distintos a personas f\u00edsicas, ya que pueden ocasionar a SFERAONE da\u00f1os al no poder medir con objetividad las audiencias.<\/p><p style=\"line-height: 107%; font-size: 15px; font-family: 'Calibri',sans-serif; text-align: justify; margin: 0cm 0cm 8.0pt 0cm;\">Los contenidos e informaciones que se suministran a trav\u00e9s de SFERAONE cumplen con la legislaci\u00f3n vigente y son propiedad de <strong>SFERAONE<\/strong><strong>\u00a0<\/strong>o adquiridos o explotados con t\u00edtulos leg\u00edtimos.<\/p><p style=\"line-height: 107%; font-size: 15px; font-family: 'Calibri',sans-serif; text-align: justify; margin: 0cm 0cm 8.0pt 0cm;\">La utilizaci\u00f3n de la plataforma atribuye la condici\u00f3n de <strong>usuario\u00a0<\/strong>de la misma e implica la aceptaci\u00f3n expresa, plena y sin reservas de todas y cada una de las disposiciones incluidas en este Aviso Legal, en la Pol\u00edtica de Privacidad y de Cookies en la versi\u00f3n publicada por <strong>SFERAONE<\/strong><strong>\u00a0<\/strong>tras haber sido debidamente informado y, al acceder al contenido y funcionalidades de la plataforma, las modificaciones producidas en este Aviso Legal ser\u00e1n informadas al usuario sobre c\u00f3mo afectan estas al tratamiento de sus datos.<\/p><p style=\"line-height: 107%; font-size: 15px; font-family: 'Calibri',sans-serif; text-align: justify; margin: 0cm 0cm 8.0pt 0cm;\">El Usuario se compromete a utilizar la plataforma web, los contenidos y servicios de conformidad con la Ley, el presente Aviso Legal, la pol\u00edtica de privacidad, las buenas costumbres y el orden p\u00fablico. Del mismo modo, el Usuario se obliga a no utilizar la plataforma o los servicios que se presten a trav\u00e9s de esta con fines o efectos il\u00edcitos o contrarios al contenido del presente Aviso Legal, lesivos de los intereses o derechos de terceros, o que de cualquier forma pueda da\u00f1ar, inutilizar o deteriorar la plataforma o sus servicios, o impedir un normal disfrute de la plataforma por otros Usuarios.<\/p><p style=\"line-height: 107%; font-size: 15px; font-family: 'Calibri',sans-serif; text-align: justify; margin: 0cm 0cm 8.0pt 0cm;\">Asimismo, el Usuario se compromete expresamente a no destruir, alterar, inutilizar o, de cualquier otra forma, da\u00f1ar los datos, programas o documentos electr\u00f3nicos y dem\u00e1s que se encuentren en la plataforma.<\/p><p style=\"line-height: 107%; font-size: 15px; font-family: 'Calibri',sans-serif; text-align: justify; margin: 0cm 0cm 8.0pt 0cm;\">El Usuario se compromete a no introducir programas, virus, macros, controles o cualquier otro dispositivo l\u00f3gico o secuencia de caracteres que causen o sean susceptibles de causar cualquier tipo de alteraci\u00f3n en los sistemas inform\u00e1ticos de SFERAONE o de terceros relacionados.<\/p><p style=\"line-height: 107%; font-size: 15px; font-family: 'Calibri',sans-serif; text-align: justify; margin: 0cm 0cm 8.0pt 0cm;\">El Usuario acepta y declara conocer el presente Aviso legal y Pol\u00edtica de Privacidad. En caso contrario, el usuario debe abandonar la plataforma web en este momento.<\/p><p style=\"line-height: 107%; font-size: 15px; font-family: 'Calibri',sans-serif; text-align: justify; margin: 0cm 0cm 8.0pt 0cm;\">La actividad no est\u00e1 sujeta a ning\u00fan r\u00e9gimen de autorizaci\u00f3n administrativa previa, ni adherida a c\u00f3digos de conducta, salvo a la buena fe, la costumbre y al C\u00f3digo civil.<\/p><p style=\"line-height: 107%; font-size: 15px; font-family: 'Calibri',sans-serif; text-align: justify; margin: 0cm 0cm 8.0pt 0cm;\"><strong>\u00a0PUBLICIDAD<\/strong><\/p><p style=\"line-height: 107%; font-size: 15px; font-family: 'Calibri',sans-serif; text-align: justify; margin: 0cm 0cm 8.0pt 0cm;\">La Plataforma puede albergar contenidos publicitarios o estar patrocinado. Los anunciantes y patrocinadores son los \u00fanicos responsables de asegurarse que el material remitido para su inclusi\u00f3n en la plataforma cumple con las leyes y consentimientos que en cada caso puedan ser de aplicaci\u00f3n. SFERAONE no ser\u00e1 responsable de cualquier error, inexactitud o irregularidad que puedan contener los contenidos publicitarios o de los patrocinadores. Tampoco ser\u00e1 responsable de da\u00f1os a la sensibilidad que el material publicitario u otro material pueda causar a los usuarios de la plataforma. Para informaci\u00f3n de menores, consulte la Pol\u00edtica de Privacidad.<\/p><p style=\"line-height: 107%; font-size: 15px; font-family: 'Calibri',sans-serif; text-align: justify; margin: 0cm 0cm 8.0pt 0cm;\"><strong>PROPIEDAD INTELECTUAL E INDUSTRIAL<\/strong><\/p><p style=\"line-height: 107%; font-size: 15px; font-family: 'Calibri',sans-serif; text-align: justify; margin: 0cm 0cm 8.0pt 0cm;\">Todos los contenidos de la plataforma, salvo que se indique lo contrario, son titularidad exclusiva de <strong>SFERAONE<\/strong> y los contenidos publicitarios que se puedan albergar, ser\u00e1 propiedad exclusiva de cada anunciante.<\/p><p style=\"line-height: 107%; font-size: 15px; font-family: 'Calibri',sans-serif; text-align: justify; margin: 0cm 0cm 8.0pt 0cm;\">Con car\u00e1cter enunciativo, que no limitativo, el dise\u00f1o gr\u00e1fico, c\u00f3digo fuente, logos, textos, gr\u00e1ficos, ilustraciones, fotograf\u00edas, desarrollos, proyectos y dem\u00e1s elementos que aparecen en la plataforma tambi\u00e9n son y ser\u00e1n titularidad y propiedad exclusiva de SFERAONE.<\/p><p style=\"line-height: 107%; font-size: 15px; font-family: 'Calibri',sans-serif; text-align: justify; margin: 0cm 0cm 8.0pt 0cm;\">Igualmente, todos los nombres comerciales, marcas o signos distintivos de cualquier clase contenidos en la plataforma est\u00e1n protegidos por la Ley.<\/p><p style=\"line-height: 107%; font-size: 15px; font-family: 'Calibri',sans-serif; text-align: justify; margin: 0cm 0cm 8.0pt 0cm;\">SFERAONE no concede ning\u00fan tipo de licencia o autorizaci\u00f3n de uso personal al Usuario o visitante sobre sus derechos de propiedad intelectual e industrial o sobre cualquier otro derecho relacionado con su plataforma y los servicios ofrecidos en la misma.<\/p><p style=\"line-height: 107%; font-size: 15px; font-family: 'Calibri',sans-serif; text-align: justify; margin: 0cm 0cm 8.0pt 0cm;\"><strong>Todos los derechos reservados<\/strong>. El Usuario reconoce que la reproducci\u00f3n, distribuci\u00f3n, comercializaci\u00f3n, transformaci\u00f3n, y en general, cualquier otra forma de explotaci\u00f3n, por cualquier procedimiento, de todo o parte de los contenidos de esta plataforma constituye una infracci\u00f3n de los derechos de propiedad intelectual y\/o industrial de SFERAONE, y un delito del C\u00f3digo penal.<\/p><p style=\"line-height: 107%; font-size: 15px; font-family: 'Calibri',sans-serif; text-align: justify; margin: 0cm 0cm 8.0pt 0cm;\"><strong>\u00a0<\/strong><\/p><p style=\"line-height: 107%; font-size: 15px; font-family: 'Calibri',sans-serif; text-align: justify; margin: 0cm 0cm 8.0pt 0cm;\"><strong>RESPONSABILIDAD POR EL USO DE LA PLATAFORMA<\/strong><\/p><p style=\"line-height: 107%; font-size: 15px; font-family: 'Calibri',sans-serif; text-align: justify; margin: 0cm 0cm 8.0pt 0cm;\">El Usuario es el \u00fanico responsable de las infracciones en las que pueda incurrir o de los perjuicios que pueda causar por la utilizaci\u00f3n de la plataforma o de sus contenidos, quedando SFERAONE, sus socios, proveedores, colaboradores, empleados y representantes, exonerados de cualquier clase de responsabilidad que se pudiera derivar por las acciones del Usuario.<\/p><p style=\"line-height: 107%; font-size: 15px; font-family: 'Calibri',sans-serif; text-align: justify; margin: 0cm 0cm 8.0pt 0cm;\">SFERAONE emplear\u00e1 todos los esfuerzos y medios razonables para facilitar informaci\u00f3n actualizada y fehaciente en la plataforma, no obstante, no asume ninguna garant\u00eda en relaci\u00f3n con la ausencia de errores, o de posibles inexactitudes y\/u omisiones en ninguno de los contenidos accesibles a trav\u00e9s de esta.<\/p>\t\t\t\t\t\t\t\t<\/div>\n\t\t\t\t<\/div>\n\t\t\t\t\t<\/div>\n\t\t<\/div>\n\t\t\t\t\t<\/div>\n\t\t<\/section>\n\t\t\t\t\t<\/div>\n\t\t<\/div>\n\t\t\t\t\t<\/div>\n\t\t<\/section>\n\t\t\t\t<section class=\"elementor-section elementor-top-section elementor-element elementor-element-2d20a041 elementor-section-boxed elementor-section-height-default elementor-section-height-default\" data-id=\"2d20a041\" data-element_type=\"section\" data-e-type=\"section\" data-settings=\"{&quot;background_background&quot;:&quot;classic&quot;}\">\n\t\t\t\t\t\t\t<div class=\"elementor-background-overlay\"><\/div>\n\t\t\t\t\t\t\t<div class=\"elementor-container elementor-column-gap-default\">\n\t\t\t\t\t<div class=\"elementor-column elementor-col-100 elementor-top-column elementor-element elementor-element-7a60477b\" data-id=\"7a60477b\" data-element_type=\"column\" data-e-type=\"column\">\n\t\t\t<div class=\"elementor-widget-wrap elementor-element-populated\">\n\t\t\t\t\t\t<div class=\"elementor-element elementor-element-6551ca78 elementor-widget__width-auto elementor-absolute elementor-widget elementor-widget-image\" data-id=\"6551ca78\" data-element_type=\"widget\" data-e-type=\"widget\" data-settings=\"{&quot;_position&quot;:&quot;absolute&quot;}\" data-widget_type=\"image.default\">\n\t\t\t\t<div class=\"elementor-widget-container\">\n\t\t\t\t\t\t\t\t\t\t\t\t\t\t\t<img fetchpriority=\"high\" decoding=\"async\" width=\"308\" height=\"198\" src=\"https:\/\/sferaone.es\/wp-content\/uploads\/2023\/02\/Real-Estate-Shape-4-1.webp\" class=\"attachment-full size-full wp-image-964\" alt=\"\" srcset=\"https:\/\/sferaone.es\/wp-content\/uploads\/2023\/02\/Real-Estate-Shape-4-1.webp 308w, https:\/\/sferaone.es\/wp-content\/uploads\/2023\/02\/Real-Estate-Shape-4-1-300x193.webp 300w\" sizes=\"(max-width: 308px) 100vw, 308px\" \/>\t\t\t\t\t\t\t\t\t\t\t\t\t\t\t<\/div>\n\t\t\t\t<\/div>\n\t\t\t\t<section class=\"elementor-section elementor-inner-section elementor-element elementor-element-4d1c4673 elementor-section-boxed elementor-section-height-default elementor-section-height-default\" data-id=\"4d1c4673\" data-element_type=\"section\" data-e-type=\"section\">\n\t\t\t\t\t\t<div class=\"elementor-container elementor-column-gap-default\">\n\t\t\t\t\t<div class=\"elementor-column elementor-col-50 elementor-inner-column elementor-element elementor-element-28e8979f\" data-id=\"28e8979f\" data-element_type=\"column\" data-e-type=\"column\">\n\t\t\t<div class=\"elementor-widget-wrap elementor-element-populated\">\n\t\t\t\t\t\t<div class=\"elementor-element elementor-element-709e3b05 elementor-widget elementor-widget-html\" data-id=\"709e3b05\" data-element_type=\"widget\" data-e-type=\"widget\" data-widget_type=\"html.default\">\n\t\t\t\t<div class=\"elementor-widget-container\">\n\t\t\t\t\t<style>\n    .fghjgfd .elementor-widget-container .bdt-ep-button-wrapper a.bdt-ep-button.bdt-ep-button-effect-a.bdt-ep-button-size-sm {\n    min-width: 255px;\n}\n<\/style>\t\t\t\t<\/div>\n\t\t\t\t<\/div>\n\t\t\t\t\t<\/div>\n\t\t<\/div>\n\t\t\t\t<div class=\"elementor-column elementor-col-50 elementor-inner-column elementor-element elementor-element-381e25f2\" data-id=\"381e25f2\" data-element_type=\"column\" data-e-type=\"column\">\n\t\t\t<div class=\"elementor-widget-wrap elementor-element-populated\">\n\t\t\t\t\t\t<div class=\"elementor-element elementor-element-5a550c0  ui-split-animate ui-splitby-chars elementor-widget elementor-widget-heading\" data-id=\"5a550c0\" data-element_type=\"widget\" data-e-type=\"widget\" data-settings=\"{&quot;ui_animate_split&quot;:&quot;ui-split-animate&quot;,&quot;ui_animate_split_by&quot;:&quot;chars&quot;,&quot;ui_animate_split_style&quot;:&quot;fadeInUp&quot;}\" data-widget_type=\"heading.default\">\n\t\t\t\t<div class=\"elementor-widget-container\">\n\t\t\t\t\t<h2 class=\"elementor-heading-title elementor-size-default\">Work with us  - Join the team!<\/h2>\t\t\t\t<\/div>\n\t\t\t\t<\/div>\n\t\t\t\t<div class=\"elementor-element elementor-element-77004c94 elementor-widget__width-initial elementor-widget elementor-widget-text-editor\" data-id=\"77004c94\" data-element_type=\"widget\" data-e-type=\"widget\" data-widget_type=\"text-editor.default\">\n\t\t\t\t<div class=\"elementor-widget-container\">\n\t\t\t\t\t\t\t\t\tDiscover all the roles we are recruiting for around the world\n\t\t\t\t\t\t\t\t<\/div>\n\t\t\t\t<\/div>\n\t\t\t\t<div class=\"elementor-element elementor-element-2890caff elementor-align-left elementor-widget__width-initial elementor-widget elementor-widget-bdt-advanced-button\" data-id=\"2890caff\" data-element_type=\"widget\" data-e-type=\"widget\" data-widget_type=\"bdt-advanced-button.default\">\n\t\t\t\t<div class=\"elementor-widget-container\">\n\t\t\t\t\t\t\t<div class=\"bdt-ep-button-wrapper\">\n\t\t\t<a href=\"https:\/\/diggia-group.jobs.personio.com\/\" target=\"_blank\" class=\"bdt-ep-button bdt-ep-button-effect-a bdt-ep-button-size-sm\">\n\t\t\t\t\t\t<div class=\"bdt-ep-button-content-wrapper bdt-flex bdt-flex-middle bdt-flex-center  \" data-text=\"Explore job opportunities\">\n\t\t\t\n\t\t\t<div class=\"bdt-ep-button-text\">\n\n                <span class=\"avdbtn-text\">Explore job opportunities<\/span>\n\n\t\t\t\t            <\/div>\n\n\t\t\t\n\t\t<\/div>\n\t\t\t\t\t<\/a>\n\t\t<\/div>\n\t\t\t\t\t\t<\/div>\n\t\t\t\t<\/div>\n\t\t\t\t\t<\/div>\n\t\t<\/div>\n\t\t\t\t\t<\/div>\n\t\t<\/section>\n\t\t\t\t\t<\/div>\n\t\t<\/div>\n\t\t\t\t\t<\/div>\n\t\t<\/section>\n\t\t\t\t<\/div>\n\t\t","protected":false},"excerpt":{"rendered":"<p>Av\u00edso legal Con la finalidad de dar cumplimiento al art\u00edculo 10 de la Ley 34\/2002 de Servicios de la Sociedad de la [&hellip;]<\/p>\n","protected":false},"author":1,"featured_media":0,"parent":0,"menu_order":0,"comment_status":"closed","ping_status":"closed","template":"elementor_header_footer","meta":{"footnotes":""},"class_list":["post-2433","page","type-page","status-publish","hentry"],"_links":{"self":[{"href":"https:\/\/sferaone.es\/en\/wp-json\/wp\/v2\/pages\/2433","targetHints":{"allow":["GET"]}}],"collection":[{"href":"https:\/\/sferaone.es\/en\/wp-json\/wp\/v2\/pages"}],"about":[{"href":"https:\/\/sferaone.es\/en\/wp-json\/wp\/v2\/types\/page"}],"author":[{"embeddable":true,"href":"https:\/\/sferaone.es\/en\/wp-json\/wp\/v2\/users\/1"}],"replies":[{"embeddable":true,"href":"https:\/\/sferaone.es\/en\/wp-json\/wp\/v2\/comments?post=2433"}],"version-history":[{"count":0,"href":"https:\/\/sferaone.es\/en\/wp-json\/wp\/v2\/pages\/2433\/revisions"}],"wp:attachment":[{"href":"https:\/\/sferaone.es\/en\/wp-json\/wp\/v2\/media?parent=2433"}],"curies":[{"name":"wp","href":"https:\/\/api.w.org\/{rel}","templated":true}]}}