{"id":2436,"date":"2023-02-27T12:54:04","date_gmt":"2023-02-27T11:54:04","guid":{"rendered":"https:\/\/sferaone.es\/politica-de-cookies\/"},"modified":"2024-01-10T11:54:28","modified_gmt":"2024-01-10T10:54:28","slug":"politica-de-cookies","status":"publish","type":"page","link":"https:\/\/sferaone.es\/en\/politica-de-cookies\/","title":{"rendered":"Pol\u00edtica de Cookies"},"content":{"rendered":"\t\t<div data-elementor-type=\"wp-page\" data-elementor-id=\"2436\" class=\"elementor elementor-2436 elementor-1764\">\n\t\t\t\t\t\t<section class=\"elementor-section elementor-top-section elementor-element elementor-element-5289103 elementor-section-height-min-height elementor-section-boxed elementor-section-height-default elementor-section-items-middle\" data-id=\"5289103\" data-element_type=\"section\" data-e-type=\"section\" data-settings=\"{&quot;background_background&quot;:&quot;classic&quot;}\">\n\t\t\t\t\t\t<div class=\"elementor-container elementor-column-gap-default\">\n\t\t\t\t\t<div class=\"elementor-column elementor-col-100 elementor-top-column elementor-element elementor-element-f7725f4\" data-id=\"f7725f4\" data-element_type=\"column\" data-e-type=\"column\">\n\t\t\t<div class=\"elementor-widget-wrap elementor-element-populated\">\n\t\t\t\t\t\t<div class=\"elementor-element elementor-element-12e95ebb  ui-split-animate ui-splitby-chars elementor-widget elementor-widget-heading\" data-id=\"12e95ebb\" data-element_type=\"widget\" data-e-type=\"widget\" data-settings=\"{&quot;ui_animate_split&quot;:&quot;ui-split-animate&quot;,&quot;ui_animate_split_by&quot;:&quot;chars&quot;,&quot;ui_animate_split_style&quot;:&quot;fadeInUp&quot;}\" data-widget_type=\"heading.default\">\n\t\t\t\t<div class=\"elementor-widget-container\">\n\t\t\t\t\t<h2 class=\"elementor-heading-title elementor-size-default\">Pol\u00edtica de Cookies<\/h2>\t\t\t\t<\/div>\n\t\t\t\t<\/div>\n\t\t\t\t\t<\/div>\n\t\t<\/div>\n\t\t\t\t\t<\/div>\n\t\t<\/section>\n\t\t\t\t<section class=\"elementor-section elementor-top-section elementor-element elementor-element-92c78c0 elementor-section-boxed elementor-section-height-default elementor-section-height-default\" data-id=\"92c78c0\" data-element_type=\"section\" data-e-type=\"section\">\n\t\t\t\t\t\t<div class=\"elementor-container elementor-column-gap-default\">\n\t\t\t\t\t<div class=\"elementor-column elementor-col-100 elementor-top-column elementor-element elementor-element-a3b90bd\" data-id=\"a3b90bd\" data-element_type=\"column\" data-e-type=\"column\">\n\t\t\t<div class=\"elementor-widget-wrap elementor-element-populated\">\n\t\t\t\t\t\t<div class=\"elementor-element elementor-element-1a80aaa elementor-widget elementor-widget-html\" data-id=\"1a80aaa\" data-element_type=\"widget\" data-e-type=\"widget\" data-widget_type=\"html.default\">\n\t\t\t\t<div class=\"elementor-widget-container\">\n\t\t\t\t\t<style>\n    p,td {\n    font-size: 18px!important;\n    color: black;\n    font-family: \"Open Sans\", sans-serif!important;\n    font-weight: 500;\n    line-height: 1.5em!important;\n}\na {\n    color: #49b172;\n}\ntable {\n    width: 100%;\n}\np {\n    text-align: left!important;\n}\n\n<\/style>\t\t\t\t<\/div>\n\t\t\t\t<\/div>\n\t\t\t\t<section class=\"elementor-section elementor-inner-section elementor-element elementor-element-eb0eca2 elementor-section-boxed elementor-section-height-default elementor-section-height-default\" data-id=\"eb0eca2\" data-element_type=\"section\" data-e-type=\"section\">\n\t\t\t\t\t\t<div class=\"elementor-container elementor-column-gap-default\">\n\t\t\t\t\t<div class=\"elementor-column elementor-col-100 elementor-inner-column elementor-element elementor-element-1672b66\" data-id=\"1672b66\" data-element_type=\"column\" data-e-type=\"column\">\n\t\t\t<div class=\"elementor-widget-wrap elementor-element-populated\">\n\t\t\t\t\t\t<div class=\"elementor-element elementor-element-0e666fa elementor-widget elementor-widget-text-editor\" data-id=\"0e666fa\" data-element_type=\"widget\" data-e-type=\"widget\" data-widget_type=\"text-editor.default\">\n\t\t\t\t<div class=\"elementor-widget-container\">\n\t\t\t\t\t\t\t\t\t<p style=\"line-height: 115%; font-size: 15px; font-family: 'Calibri',sans-serif; text-align: justify; margin: 12.0pt 0cm 8.0pt 0cm;\"><span style=\"font-family: 'Trebuchet MS',sans-serif; color: black;\">SFERAONE SOLUTIONS &amp; SERVICES S.L informa acerca del uso de las cookies en su p\u00e1gina web:&nbsp;<\/span><a href=\"https:\/\/web.archive.org\/web\/20230925165354\/http:\/\/www.sferaone.es\/\"><span style=\"font-family: 'Trebuchet MS',sans-serif;\">www.sferaone.es<\/span><\/a><span style=\"font-family: 'Trebuchet MS',sans-serif; color: black;\">&nbsp;&nbsp;<\/span><\/p>\n<div style=\"line-height: 107%; font-size: 15px; font-family: 'Calibri',sans-serif; margin: 0cm 0cm 8.0pt 0cm;\">\n<p><span style=\"color: #339966;\"><strong><span style=\"font-family: 'Trebuchet MS', sans-serif;\">\u00bfQu\u00e9 son las cookies?&nbsp;<\/span><\/strong><\/span><\/p>\n<\/div>\n<p style=\"line-height: 115%; font-size: 15px; font-family: 'Calibri',sans-serif; text-align: justify; margin: 12.0pt 0cm 0cm 0cm;\"><span style=\"font-family: 'Trebuchet MS',sans-serif; color: black;\">Las cookies son archivos que se pueden descargar en su equipo a trav\u00e9s de las p\u00e1ginas web. Son herramientas que tienen un papel esencial para la prestaci\u00f3n de numerosos servicios de la sociedad de la informaci\u00f3n. Entre otros, permiten a una p\u00e1gina web almacenar y recuperar informaci\u00f3n sobre los h\u00e1bitos de navegaci\u00f3n de un usuario o de su equipo y, dependiendo de la informaci\u00f3n obtenida, se pueden utilizar para reconocer al usuario y mejorar el servicio ofrecido.<\/span><\/p>\n<p style=\"line-height: 115%; font-size: 15px; font-family: 'Calibri',sans-serif; text-align: justify; margin: 12.0pt 0cm 0cm 0cm;\"><span style=\"font-family: 'Trebuchet MS',sans-serif; color: black;\">Las cookies utilizadas por nuestra plataforma, se asocian \u00fanicamente con un usuario an\u00f3nimo y su ordenador, y no almacenamos informaci\u00f3n sensible de identificaci\u00f3n personal en las cookies que utilizamos.&nbsp;<br><br><\/span><\/p>\n<div style=\"line-height: 107%; font-size: 15px; font-family: 'Calibri',sans-serif; margin: 0cm 0cm 8.0pt 0cm;\">\n<p><span style=\"color: #339966;\"><strong><span style=\"font-family: 'Trebuchet MS', sans-serif;\">Tipos de cookies<\/span><\/strong><\/span><\/p>\n<\/div>\n<p style=\"line-height: 115%; font-size: 15px; font-family: 'Calibri',sans-serif; text-align: justify; margin: 12.0pt 0cm 0cm 0cm;\"><span style=\"font-family: 'Trebuchet MS',sans-serif; color: black;\">Seg\u00fan quien sea la entidad que gestione el dominio desde donde se env\u00edan las cookies y trate los datos que se obtengan se pueden distinguir dos tipos:<\/span><\/p>\n<p style=\"line-height: 115%; font-size: 15px; font-family: 'Calibri',sans-serif; text-align: justify; margin: 12.0pt 0cm 0cm 0cm;\"><span style=\"font-family: 'Trebuchet MS',sans-serif; color: black;\">\u2022&nbsp;<\/span><span style=\"font-family: 'Trebuchet MS',sans-serif; color: black;\">Cookies propias: aqu\u00e9llas que se env\u00edan al equipo terminal del usuario desde un equipo o dominio gestionado por el propio editor y desde el que se presta el servicio solicitado por el usuario.<\/span><\/p>\n<p style=\"line-height: 115%; font-size: 15px; font-family: 'Calibri',sans-serif; text-align: justify; margin: 12.0pt 0cm 0cm 0cm;\"><span style=\"font-family: 'Trebuchet MS',sans-serif; color: black;\">\u2022&nbsp;<\/span><span style=\"font-family: 'Trebuchet MS',sans-serif; color: black;\">Cookies de terceros: aqu\u00e9llas que se env\u00edan al equipo terminal del usuario desde un equipo o dominio que no es gestionado por el editor, sino por otra entidad que trata los datos obtenidos trav\u00e9s de las cookies.<\/span><\/p>\n<p style=\"line-height: 115%; font-size: 15px; font-family: 'Calibri',sans-serif; text-align: justify; margin: 12.0pt 0cm 0cm 0cm;\"><span style=\"font-family: 'Trebuchet MS',sans-serif; color: black;\">En el caso de que las cookies sean instaladas desde un equipo o dominio gestionado por el propio editor, pero la informaci\u00f3n que se recoja mediante \u00e9stas sea gestionada por un tercero, no pueden ser consideradas como cookies propias.<\/span><\/p>\n<p style=\"line-height: 115%; font-size: 15px; font-family: 'Calibri',sans-serif; text-align: justify; margin: 12.0pt 0cm 0cm 0cm;\"><span style=\"font-family: 'Trebuchet MS',sans-serif; color: black;\">Existe tambi\u00e9n una segunda clasificaci\u00f3n seg\u00fan el plazo de tiempo que permanecen almacenadas en el navegador del cliente, pudiendo tratarse de:<\/span><\/p>\n<p style=\"line-height: 115%; font-size: 15px; font-family: 'Calibri',sans-serif; text-align: justify; margin: 12.0pt 0cm 0cm 0cm;\"><span style=\"font-family: 'Trebuchet MS',sans-serif; color: black;\">\u2022&nbsp;<\/span><span style=\"font-family: 'Trebuchet MS',sans-serif; color: black;\">Cookies de sesi\u00f3n: dise\u00f1adas para recabar y almacenar datos mientras el usuario accede a una p\u00e1gina web. Se suelen emplear para almacenar informaci\u00f3n que solo interesa conservar para la prestaci\u00f3n del servicio solicitado por el usuario en una sola ocasi\u00f3n (p.e. una lista de productos adquiridos).<\/span><\/p>\n<p style=\"line-height: 115%; font-size: 15px; font-family: 'Calibri',sans-serif; text-align: justify; margin: 12.0pt 0cm 0cm 0cm;\"><span style=\"font-family: 'Trebuchet MS',sans-serif; color: black;\">\u2022&nbsp;<\/span><span style=\"font-family: 'Trebuchet MS',sans-serif; color: black;\">Cookies persistentes: los datos siguen almacenados en el terminal y pueden ser accedidos y tratados durante un periodo definido por el responsable de la cookie, y que puede ir de unos minutos a varios a\u00f1os.<\/span><\/p>\n<p style=\"line-height: 115%; font-size: 15px; font-family: 'Calibri',sans-serif; text-align: justify; margin: 12.0pt 0cm 0cm 0cm;\"><span style=\"font-family: 'Trebuchet MS',sans-serif; color: black;\">Por \u00faltimo, existe otra clasificaci\u00f3n con cinco tipos de cookies seg\u00fan la finalidad para la que se traten los datos obtenidos:<\/span><\/p>\n<p style=\"line-height: 115%; font-size: 15px; font-family: 'Calibri',sans-serif; text-align: justify; margin: 12.0pt 0cm 0cm 0cm;\"><span style=\"font-family: 'Trebuchet MS',sans-serif; color: black;\">\u2022&nbsp;<\/span><span style=\"font-family: 'Trebuchet MS',sans-serif; color: black;\">Cookies t\u00e9cnicas: aquellas que permiten al usuario la navegaci\u00f3n a trav\u00e9s de una p\u00e1gina web, plataforma o aplicaci\u00f3n y la utilizaci\u00f3n de las diferentes opciones o servicios que en ella existan como, por ejemplo, controlar el tr\u00e1fico y la comunicaci\u00f3n de datos, identificar la sesi\u00f3n, acceder a partes de acceso restringido, recordar los elementos que integran un pedido, realizar el proceso de compra de un pedido, realizar la solicitud de inscripci\u00f3n o participaci\u00f3n en un evento, utilizar elementos de seguridad durante la navegaci\u00f3n, almacenar contenidos para la difusi\u00f3n de v\u00eddeos o sonido o compartir contenidos a trav\u00e9s de redes sociales.<\/span><\/p>\n<p style=\"line-height: 115%; font-size: 15px; font-family: 'Calibri',sans-serif; text-align: justify; margin: 12.0pt 0cm 0cm 0cm;\"><span style=\"font-family: 'Trebuchet MS',sans-serif; color: black;\">\u2022&nbsp;<\/span><span style=\"font-family: 'Trebuchet MS',sans-serif; color: black;\">Cookies de personalizaci\u00f3n: permiten al usuario acceder al servicio con algunas caracter\u00edsticas de car\u00e1cter general predefinidas en funci\u00f3n de una serie de criterios en el terminal del usuario como por ejemplo serian el idioma, el tipo de navegador a trav\u00e9s del cual accede al servicio, la configuraci\u00f3n regional desde donde accede al servicio, etc.<\/span><\/p>\n<p style=\"line-height: 115%; font-size: 15px; font-family: 'Calibri',sans-serif; text-align: justify; margin: 12.0pt 0cm 0cm 0cm;\"><span style=\"font-family: 'Trebuchet MS',sans-serif; color: black;\">\u2022&nbsp;<\/span><span style=\"font-family: 'Trebuchet MS',sans-serif; color: black;\">Cookies de an\u00e1lisis: permiten al responsable de las mismas, el seguimiento y an\u00e1lisis del comportamiento de los usuarios de los sitios web a los que est\u00e1n vinculadas. La informaci\u00f3n recogida mediante este tipo de cookies se utiliza en la medici\u00f3n de la actividad de los sitios web, aplicaci\u00f3n o plataforma y para la elaboraci\u00f3n de perfiles de navegaci\u00f3n de los usuarios de dichos sitios, aplicaciones y plataformas, con el fin de introducir mejoras en funci\u00f3n del an\u00e1lisis de los datos de uso que hacen los usuarios del servicio.<\/span><\/p>\n<p style=\"line-height: 115%; font-size: 15px; font-family: 'Calibri',sans-serif; text-align: justify; margin: 12.0pt 0cm 0cm 0cm;\"><span style=\"font-family: 'Trebuchet MS',sans-serif; color: black;\">\u2022&nbsp;<\/span><span style=\"font-family: 'Trebuchet MS',sans-serif; color: black;\">Cookies publicitarias: permiten la gesti\u00f3n, de la forma m\u00e1s eficaz posible, de los espacios publicitarios.<\/span><\/p>\n<p style=\"line-height: 115%; font-size: 15px; font-family: 'Calibri',sans-serif; text-align: justify; margin: 12.0pt 0cm 0cm 0cm;\"><span style=\"font-family: 'Trebuchet MS',sans-serif; color: black;\">\u2022&nbsp;<\/span><span style=\"font-family: 'Trebuchet MS',sans-serif; color: black;\">Cookies de publicidad comportamental: almacenan informaci\u00f3n del comportamiento de los usuarios obtenida a trav\u00e9s de la observaci\u00f3n continuada de sus h\u00e1bitos de navegaci\u00f3n, lo que permite desarrollar un perfil espec\u00edfico para mostrar publicidad en funci\u00f3n del mismo.<\/span><\/p>\n<p style=\"line-height: 115%; font-size: 15px; font-family: 'Calibri',sans-serif; text-align: justify; margin: 12.0pt 0cm 0cm 0cm;\"><span style=\"font-family: 'Trebuchet MS',sans-serif; color: black;\">\u2022&nbsp;<\/span><span style=\"font-family: 'Trebuchet MS',sans-serif; color: black;\">Cookies de redes sociales externas: se utilizan para que los visitantes puedan interactuar con el contenido de diferentes plataformas sociales (facebook, youtube, twitter, linkedIn, etc..) y que se generen \u00fanicamente para los usuarios de dichas redes sociales. Las condiciones de utilizaci\u00f3n de estas cookies y la informaci\u00f3n recopilada se regula por la pol\u00edtica de privacidad de la plataforma social correspondiente.<br><br><\/span><\/p>\n<div style=\"line-height: 107%; font-size: 15px; font-family: 'Calibri',sans-serif; margin: 0cm 0cm 8.0pt 0cm;\">\n<p><span style=\"color: #339966;\"><strong><span style=\"font-family: 'Trebuchet MS', sans-serif;\">Desactivaci\u00f3n y eliminaci\u00f3n de cookies<\/span><\/strong><\/span><\/p>\n<\/div>\n<p style=\"line-height: 115%; font-size: 15px; font-family: 'Calibri',sans-serif; text-align: justify; margin: 12.0pt 0cm 0cm 0cm;\"><span style=\"font-family: 'Trebuchet MS',sans-serif; color: black;\">Tienes la opci\u00f3n de permitir, bloquear o eliminar las cookies instaladas en tu equipo mediante la configuraci\u00f3n de las opciones del navegador instalado en su equipo. Al desactivar cookies, algunos de los servicios disponibles podr\u00edan dejar de estar operativos. La forma de deshabilitar las cookies es diferente para cada navegador, pero normalmente puede hacerse desde el men\u00fa Herramientas u Opciones. Tambi\u00e9n puede consultarse el men\u00fa de Ayuda del navegador d\u00f3nde puedes encontrar instrucciones. El usuario podr\u00e1 en cualquier momento elegir qu\u00e9 cookies quiere que funcionen en este sitio web.<\/span><\/p>\n<p style=\"line-height: 115%; font-size: 15px; font-family: 'Calibri',sans-serif; text-align: justify; margin: 12.0pt 0cm 0cm 0cm;\"><span style=\"font-family: 'Trebuchet MS',sans-serif; color: black;\">El usuario puede permitir, bloquear o eliminar las cookies instaladas en su equipo mediante la configuraci\u00f3n de las opciones del navegador instalado en su ordenador:<\/span><\/p>\n<p style=\"line-height: 115%; font-size: 15px; font-family: 'Calibri',sans-serif; text-align: justify; margin: 12.0pt 0cm 0cm 0cm;\"><span style=\"font-family: 'Trebuchet MS',sans-serif; color: black;\">\u2022&nbsp;<\/span><span style=\"font-family: 'Trebuchet MS',sans-serif; color: black;\">Microsoft Internet Explorer o Microsoft Edge: http:\/\/windows.microsoft.com\/es-es\/windows-vista\/Block-or-allow-cookies<\/span><\/p>\n<p style=\"line-height: 115%; font-size: 15px; font-family: 'Calibri',sans-serif; text-align: justify; margin: 12.0pt 0cm 0cm 0cm;\"><span style=\"font-family: 'Trebuchet MS',sans-serif; color: black;\">\u2022&nbsp;<\/span><span style=\"font-family: 'Trebuchet MS',sans-serif; color: black;\">Mozilla Firefox: http:\/\/support.mozilla.org\/es\/kb\/impedir-que-los-sitios-web-guarden-sus-preferencia<\/span><\/p>\n<p style=\"line-height: 115%; font-size: 15px; font-family: 'Calibri',sans-serif; text-align: justify; margin: 12.0pt 0cm 0cm 0cm;\"><span style=\"font-family: 'Trebuchet MS',sans-serif; color: black;\">\u2022&nbsp;<\/span><span style=\"font-family: 'Trebuchet MS',sans-serif; color: black;\">Chrome: https:\/\/support.google.com\/accounts\/answer\/61416?hl=es<\/span><\/p>\n<p style=\"line-height: 115%; font-size: 15px; font-family: 'Calibri',sans-serif; text-align: justify; margin: 12.0pt 0cm 0cm 0cm;\"><span style=\"font-family: 'Trebuchet MS',sans-serif; color: black;\">\u2022&nbsp;<\/span><span style=\"font-family: 'Trebuchet MS',sans-serif; color: black;\">Safari: http:\/\/safari.helpmax.net\/es\/privacidad-y-seguridad\/como-gestionar-las-cookies\/<\/span><\/p>\n<p style=\"line-height: 115%; font-size: 15px; font-family: 'Calibri',sans-serif; text-align: justify; margin: 12.0pt 0cm 0cm 0cm;\"><span style=\"font-family: 'Trebuchet MS',sans-serif; color: black;\">\u2022&nbsp;<\/span><span style=\"font-family: 'Trebuchet MS',sans-serif; color: black;\">Opera: http:\/\/help.opera.com\/Linux\/10.60\/es-ES\/cookies.html<\/span><\/p>\n<p style=\"line-height: 115%; font-size: 15px; font-family: 'Calibri',sans-serif; text-align: justify; margin: 12.0pt 0cm 0cm 0cm;\"><span style=\"font-family: 'Trebuchet MS',sans-serif; color: black;\">Adem\u00e1s, tambi\u00e9n puede gestionar el almac\u00e9n de cookies en su navegador a trav\u00e9s de herramientas como las siguientes<\/span><\/p>\n<p style=\"line-height: 115%; font-size: 15px; font-family: 'Calibri',sans-serif; text-align: justify; margin: 12.0pt 0cm 0cm 0cm;\"><span style=\"font-family: 'Trebuchet MS',sans-serif; color: black;\">\u2022&nbsp;<\/span><span style=\"font-family: 'Trebuchet MS',sans-serif; color: black;\">Ghostery: www.ghostery.com\/<\/span><\/p>\n<p style=\"line-height: 115%; font-size: 15px; font-family: 'Calibri',sans-serif; text-align: justify; margin: 12.0pt 0cm 0cm 0cm;\"><span style=\"font-family: 'Trebuchet MS',sans-serif; color: black;\">\u2022&nbsp;<\/span><span style=\"font-family: 'Trebuchet MS',sans-serif; color: black;\">Your online choices: www.youronlinechoices.com\/es\/<\/span><\/p>\t\t\t\t\t\t\t\t\t\t\t\t<\/div>\n\t\t\t\t<\/div>\n\t\t\t\t\t<\/div>\n\t\t<\/div>\n\t\t\t\t\t<\/div>\n\t\t<\/section>\n\t\t\t\t\t<\/div>\n\t\t<\/div>\n\t\t\t\t\t<\/div>\n\t\t<\/section>\n\t\t\t\t<section class=\"elementor-section elementor-top-section elementor-element elementor-element-2d20a041 elementor-section-boxed elementor-section-height-default elementor-section-height-default\" data-id=\"2d20a041\" data-element_type=\"section\" data-e-type=\"section\" data-settings=\"{&quot;background_background&quot;:&quot;classic&quot;}\">\n\t\t\t\t\t\t\t<div class=\"elementor-background-overlay\"><\/div>\n\t\t\t\t\t\t\t<div class=\"elementor-container elementor-column-gap-default\">\n\t\t\t\t\t<div class=\"elementor-column elementor-col-100 elementor-top-column elementor-element elementor-element-7a60477b\" data-id=\"7a60477b\" data-element_type=\"column\" data-e-type=\"column\">\n\t\t\t<div class=\"elementor-widget-wrap elementor-element-populated\">\n\t\t\t\t\t\t<section class=\"elementor-section elementor-inner-section elementor-element elementor-element-4d1c4673 elementor-section-boxed elementor-section-height-default elementor-section-height-default\" data-id=\"4d1c4673\" data-element_type=\"section\" data-e-type=\"section\">\n\t\t\t\t\t\t<div class=\"elementor-container elementor-column-gap-default\">\n\t\t\t\t\t<div class=\"elementor-column elementor-col-50 elementor-inner-column elementor-element elementor-element-28e8979f\" data-id=\"28e8979f\" data-element_type=\"column\" data-e-type=\"column\">\n\t\t\t<div class=\"elementor-widget-wrap elementor-element-populated\">\n\t\t\t\t\t\t<div class=\"elementor-element elementor-element-709e3b05 elementor-widget elementor-widget-html\" data-id=\"709e3b05\" data-element_type=\"widget\" data-e-type=\"widget\" data-widget_type=\"html.default\">\n\t\t\t\t<div class=\"elementor-widget-container\">\n\t\t\t\t\t<style>\n    .fghjgfd .elementor-widget-container .bdt-ep-button-wrapper a.bdt-ep-button.bdt-ep-button-effect-a.bdt-ep-button-size-sm {\n    min-width: 255px;\n}\n<\/style>\t\t\t\t<\/div>\n\t\t\t\t<\/div>\n\t\t\t\t\t<\/div>\n\t\t<\/div>\n\t\t\t\t<div class=\"elementor-column elementor-col-50 elementor-inner-column elementor-element elementor-element-381e25f2\" data-id=\"381e25f2\" data-element_type=\"column\" data-e-type=\"column\">\n\t\t\t<div class=\"elementor-widget-wrap elementor-element-populated\">\n\t\t\t\t\t\t<div class=\"elementor-element elementor-element-5a550c0  ui-split-animate ui-splitby-chars elementor-widget elementor-widget-heading\" data-id=\"5a550c0\" data-element_type=\"widget\" data-e-type=\"widget\" data-settings=\"{&quot;ui_animate_split&quot;:&quot;ui-split-animate&quot;,&quot;ui_animate_split_by&quot;:&quot;chars&quot;,&quot;ui_animate_split_style&quot;:&quot;fadeInUp&quot;}\" data-widget_type=\"heading.default\">\n\t\t\t\t<div class=\"elementor-widget-container\">\n\t\t\t\t\t<h2 class=\"elementor-heading-title elementor-size-default\">Work with us  - Join the team!<\/h2>\t\t\t\t<\/div>\n\t\t\t\t<\/div>\n\t\t\t\t<div class=\"elementor-element elementor-element-77004c94 elementor-widget__width-initial elementor-widget elementor-widget-text-editor\" data-id=\"77004c94\" data-element_type=\"widget\" data-e-type=\"widget\" data-widget_type=\"text-editor.default\">\n\t\t\t\t<div class=\"elementor-widget-container\">\n\t\t\t\t\t\t\t\t\tDiscover all the roles we are recruiting for around the world\n\t\t\t\t\t\t\t\t<\/div>\n\t\t\t\t<\/div>\n\t\t\t\t<div class=\"elementor-element elementor-element-2890caff elementor-align-left elementor-widget__width-initial elementor-widget elementor-widget-bdt-advanced-button\" data-id=\"2890caff\" data-element_type=\"widget\" data-e-type=\"widget\" data-widget_type=\"bdt-advanced-button.default\">\n\t\t\t\t<div class=\"elementor-widget-container\">\n\t\t\t\t\t\t\t<div class=\"bdt-ep-button-wrapper\">\n\t\t\t<a href=\"https:\/\/diggia-group.jobs.personio.com\/\" target=\"_blank\" class=\"bdt-ep-button bdt-ep-button-effect-a bdt-ep-button-size-sm\">\n\t\t\t\t\t\t<div class=\"bdt-ep-button-content-wrapper bdt-flex bdt-flex-middle bdt-flex-center  \" data-text=\"Explore job opportunities\">\n\t\t\t\n\t\t\t<div class=\"bdt-ep-button-text\">\n\n                <span class=\"avdbtn-text\">Explore job opportunities<\/span>\n\n\t\t\t\t            <\/div>\n\n\t\t\t\n\t\t<\/div>\n\t\t\t\t\t<\/a>\n\t\t<\/div>\n\t\t\t\t\t\t<\/div>\n\t\t\t\t<\/div>\n\t\t\t\t\t<\/div>\n\t\t<\/div>\n\t\t\t\t\t<\/div>\n\t\t<\/section>\n\t\t\t\t\t<\/div>\n\t\t<\/div>\n\t\t\t\t\t<\/div>\n\t\t<\/section>\n\t\t\t\t<\/div>\n\t\t","protected":false},"excerpt":{"rendered":"<p>Pol\u00edtica de Cookies SFERAONE SOLUTIONS &amp; SERVICES S.L informa acerca del uso de las cookies en su p\u00e1gina web:&nbsp;www.sferaone.es&nbsp;&nbsp; \u00bfQu\u00e9 son las [&hellip;]<\/p>\n","protected":false},"author":1,"featured_media":0,"parent":0,"menu_order":0,"comment_status":"closed","ping_status":"closed","template":"elementor_header_footer","meta":{"footnotes":""},"class_list":["post-2436","page","type-page","status-publish","hentry"],"_links":{"self":[{"href":"https:\/\/sferaone.es\/en\/wp-json\/wp\/v2\/pages\/2436","targetHints":{"allow":["GET"]}}],"collection":[{"href":"https:\/\/sferaone.es\/en\/wp-json\/wp\/v2\/pages"}],"about":[{"href":"https:\/\/sferaone.es\/en\/wp-json\/wp\/v2\/types\/page"}],"author":[{"embeddable":true,"href":"https:\/\/sferaone.es\/en\/wp-json\/wp\/v2\/users\/1"}],"replies":[{"embeddable":true,"href":"https:\/\/sferaone.es\/en\/wp-json\/wp\/v2\/comments?post=2436"}],"version-history":[{"count":4,"href":"https:\/\/sferaone.es\/en\/wp-json\/wp\/v2\/pages\/2436\/revisions"}],"predecessor-version":[{"id":3116,"href":"https:\/\/sferaone.es\/en\/wp-json\/wp\/v2\/pages\/2436\/revisions\/3116"}],"wp:attachment":[{"href":"https:\/\/sferaone.es\/en\/wp-json\/wp\/v2\/media?parent=2436"}],"curies":[{"name":"wp","href":"https:\/\/api.w.org\/{rel}","templated":true}]}}